{"id":2859,"date":"2021-05-12T20:17:22","date_gmt":"2021-05-12T18:17:22","guid":{"rendered":"https:\/\/fenetresurchamps.com\/?page_id=2859"},"modified":"2024-05-11T08:21:21","modified_gmt":"2024-05-11T06:21:21","slug":"une-question-une-demande","status":"publish","type":"page","link":"https:\/\/fenetresurchamps.com\/index.php\/une-question-une-demande\/","title":{"rendered":"Cont@ct"},"content":{"rendered":"\n<div style=\"height:100px\" aria-hidden=\"true\" class=\"wp-block-spacer\"><\/div>\n\n\n\n<div class=\"wp-block-file\"><a href=\"https:\/\/fenetresurchamps.com\/wp-content\/uploads\/2024\/05\/CV-JPL.pdf\">CV-JPL<\/a><a href=\"https:\/\/fenetresurchamps.com\/wp-content\/uploads\/2024\/05\/CV-JPL.pdf\" class=\"wp-block-file__button\" download>T\u00e9l\u00e9charger<\/a><\/div>\n\n\n\n<div class=\"wp-block-columns\">\n<div class=\"wp-block-column\" style=\"flex-basis:66.66%\"><div class=\"wpforms-container wpforms-container-full\" id=\"wpforms-2858\"><form id=\"wpforms-form-2858\" class=\"wpforms-validate wpforms-form\" data-formid=\"2858\" method=\"post\" enctype=\"multipart\/form-data\" action=\"\/index.php\/wp-json\/wp\/v2\/pages\/2859\" data-token=\"3325c4efb0454668c26c8bc86d02f03b\" data-token-time=\"1776411746\"><noscript class=\"wpforms-error-noscript\">Veuillez activer JavaScript dans votre navigateur pour remplir ce formulaire.<\/noscript><div class=\"wpforms-field-container\"><div id=\"wpforms-2858-field_0-container\" class=\"wpforms-field wpforms-field-name\" data-field-id=\"0\"><label class=\"wpforms-field-label wpforms-label-hide\" for=\"wpforms-2858-field_0\">PRENOM &amp; NOM <span class=\"wpforms-required-label\">*<\/span><\/label><div class=\"wpforms-field-row wpforms-field-medium\"><div class=\"wpforms-field-row-block wpforms-first wpforms-one-half\"><input type=\"text\" id=\"wpforms-2858-field_0\" class=\"wpforms-field-name-first wpforms-field-required\" name=\"wpforms[fields][0][first]\" value=\"pr\u00e9nom\" required><label for=\"wpforms-2858-field_0\" class=\"wpforms-field-sublabel after wpforms-sublabel-hide\">Pr\u00e9nom<\/label><\/div><div class=\"wpforms-field-row-block wpforms-one-half\"><input type=\"text\" id=\"wpforms-2858-field_0-last\" class=\"wpforms-field-name-last wpforms-field-required\" name=\"wpforms[fields][0][last]\" value=\"nom\" required><label for=\"wpforms-2858-field_0-last\" class=\"wpforms-field-sublabel after wpforms-sublabel-hide\">Nom<\/label><\/div><\/div><\/div><div id=\"wpforms-2858-field_1-container\" class=\"wpforms-field wpforms-field-email\" data-field-id=\"1\"><label class=\"wpforms-field-label wpforms-label-hide\" for=\"wpforms-2858-field_1\">EMAIL <span class=\"wpforms-required-label\">*<\/span><\/label><input type=\"email\" id=\"wpforms-2858-field_1\" class=\"wpforms-field-medium wpforms-field-required\" name=\"wpforms[fields][1]\" value=\"email\" spellcheck=\"false\" required><\/div><div id=\"wpforms-2858-field_2-container\" class=\"wpforms-field wpforms-field-textarea\" data-field-id=\"2\"><label class=\"wpforms-field-label wpforms-label-hide\" for=\"wpforms-2858-field_2\">MESSAGE <span class=\"wpforms-required-label\">*<\/span><\/label><textarea id=\"wpforms-2858-field_2\" class=\"wpforms-field-medium wpforms-field-required\" name=\"wpforms[fields][2]\" required>message<\/textarea><\/div><\/div><!-- .wpforms-field-container --><div class=\"wpforms-recaptcha-container wpforms-is-recaptcha wpforms-is-recaptcha-type-invisible\" ><div class=\"g-recaptcha\" data-sitekey=\"6LcSzNIaAAAAAKmriKbGOj9CXPauxJDT9ihGo1aV\" data-size=\"invisible\"><\/div><\/div><div class=\"wpforms-submit-container\" ><input type=\"hidden\" name=\"wpforms[id]\" value=\"2858\"><input type=\"hidden\" name=\"page_title\" value=\"\"><input type=\"hidden\" name=\"page_url\" value=\"https:\/\/fenetresurchamps.com\/index.php\/wp-json\/wp\/v2\/pages\/2859\"><input type=\"hidden\" name=\"url_referer\" value=\"\"><button type=\"submit\" name=\"wpforms[submit]\" id=\"wpforms-submit-2858\" class=\"wpforms-submit\" data-alt-text=\"Envoi...\" data-submit-text=\"Envoyer\" aria-live=\"assertive\" value=\"wpforms-submit\">Envoyer<\/button><\/div><\/form><\/div>  <!-- .wpforms-container -->\n<\/div>\n\n\n\n<div class=\"wp-block-column\" style=\"flex-basis:33.33%\">\n<figure class=\"wp-block-image size-large is-resized\"><img data-attachment-id=\"3200\" data-permalink=\"https:\/\/fenetresurchamps.com\/index.php\/une-question-une-demande\/image\/\" data-orig-file=\"https:\/\/i0.wp.com\/fenetresurchamps.com\/wp-content\/uploads\/2021\/05\/image.jpeg?fit=1944%2C1942&amp;ssl=1\" data-orig-size=\"1944,1942\" data-comments-opened=\"1\" data-image-meta=\"{&quot;aperture&quot;:&quot;0&quot;,&quot;credit&quot;:&quot;&quot;,&quot;camera&quot;:&quot;&quot;,&quot;caption&quot;:&quot;&quot;,&quot;created_timestamp&quot;:&quot;0&quot;,&quot;copyright&quot;:&quot;&quot;,&quot;focal_length&quot;:&quot;0&quot;,&quot;iso&quot;:&quot;0&quot;,&quot;shutter_speed&quot;:&quot;0&quot;,&quot;title&quot;:&quot;&quot;,&quot;orientation&quot;:&quot;0&quot;}\" data-image-title=\"image\" data-image-description=\"\" data-image-caption=\"\" data-medium-file=\"https:\/\/i0.wp.com\/fenetresurchamps.com\/wp-content\/uploads\/2021\/05\/image.jpeg?fit=300%2C300&amp;ssl=1\" data-large-file=\"https:\/\/i0.wp.com\/fenetresurchamps.com\/wp-content\/uploads\/2021\/05\/image.jpeg?fit=1024%2C1024&amp;ssl=1\" loading=\"lazy\" src=\"https:\/\/i0.wp.com\/fenetresurchamps.com\/wp-content\/uploads\/2021\/05\/image.jpeg?resize=264%2C264&#038;ssl=1\" alt=\"\" class=\"wp-image-3200\" width=\"264\" height=\"264\" srcset=\"https:\/\/i0.wp.com\/fenetresurchamps.com\/wp-content\/uploads\/2021\/05\/image.jpeg?resize=1024%2C1024&amp;ssl=1 1024w, https:\/\/i0.wp.com\/fenetresurchamps.com\/wp-content\/uploads\/2021\/05\/image.jpeg?resize=300%2C300&amp;ssl=1 300w, https:\/\/i0.wp.com\/fenetresurchamps.com\/wp-content\/uploads\/2021\/05\/image.jpeg?resize=150%2C150&amp;ssl=1 150w, https:\/\/i0.wp.com\/fenetresurchamps.com\/wp-content\/uploads\/2021\/05\/image.jpeg?resize=768%2C767&amp;ssl=1 768w, https:\/\/i0.wp.com\/fenetresurchamps.com\/wp-content\/uploads\/2021\/05\/image.jpeg?resize=1536%2C1534&amp;ssl=1 1536w, https:\/\/i0.wp.com\/fenetresurchamps.com\/wp-content\/uploads\/2021\/05\/image.jpeg?resize=50%2C50&amp;ssl=1 50w, https:\/\/i0.wp.com\/fenetresurchamps.com\/wp-content\/uploads\/2021\/05\/image.jpeg?w=1944&amp;ssl=1 1944w\" sizes=\"(max-width: 264px) 100vw, 264px\" data-recalc-dims=\"1\" \/><\/figure>\n\n\n\n<p class=\"has-normal-font-size\"><span class=\"has-inline-color has-white-color\"><strong>Fen\u00eatre sur champs<\/strong> &#8211; <strong>Jean-Pierre Lenoir<\/strong><br>94 Rue du Buis &#8211; 84240 Ansouis <em>(pr\u00e8s de Marseille)<\/em><br>t\u00e9l : +33 (0)6 20 61 29 59<\/span><br><span class=\"has-inline-color has-white-color\"><a rel=\"noreferrer noopener\" href=\"mailto:contact@fenetresurchamps.com\" target=\"_blank\">contact@fenetresurchamps.com<\/a><\/span><\/p>\n<\/div>\n<\/div>\n","protected":false},"excerpt":{"rendered":"<p>Fen\u00eatre sur champs &#8211; Jean-Pierre Lenoir94 Rue du Buis &#8211; 84240 Ansouis (pr\u00e8s de Marseille)t\u00e9l : +33 (0)6 20 61 29 59contact@fenetresurchamps.com<\/p>\n","protected":false},"author":1,"featured_media":0,"parent":0,"menu_order":0,"comment_status":"closed","ping_status":"closed","template":"","meta":{"advanced_seo_description":"","spay_email":""},"jetpack-related-posts":[],"_links":{"self":[{"href":"https:\/\/fenetresurchamps.com\/index.php\/wp-json\/wp\/v2\/pages\/2859"}],"collection":[{"href":"https:\/\/fenetresurchamps.com\/index.php\/wp-json\/wp\/v2\/pages"}],"about":[{"href":"https:\/\/fenetresurchamps.com\/index.php\/wp-json\/wp\/v2\/types\/page"}],"author":[{"embeddable":true,"href":"https:\/\/fenetresurchamps.com\/index.php\/wp-json\/wp\/v2\/users\/1"}],"replies":[{"embeddable":true,"href":"https:\/\/fenetresurchamps.com\/index.php\/wp-json\/wp\/v2\/comments?post=2859"}],"version-history":[{"count":38,"href":"https:\/\/fenetresurchamps.com\/index.php\/wp-json\/wp\/v2\/pages\/2859\/revisions"}],"predecessor-version":[{"id":4692,"href":"https:\/\/fenetresurchamps.com\/index.php\/wp-json\/wp\/v2\/pages\/2859\/revisions\/4692"}],"wp:attachment":[{"href":"https:\/\/fenetresurchamps.com\/index.php\/wp-json\/wp\/v2\/media?parent=2859"}],"curies":[{"name":"wp","href":"https:\/\/api.w.org\/{rel}","templated":true}]}}